{"id":5315,"date":"2025-02-03T10:20:50","date_gmt":"2025-02-03T13:20:50","guid":{"rendered":"https:\/\/schneidermotos.com.br\/?post_type=product&#038;p=5315"},"modified":"2025-12-01T09:58:57","modified_gmt":"2025-12-01T12:58:57","slug":"ktm-exc-f-350-2013-2","status":"publish","type":"product","link":"https:\/\/schneidermotos.com.br\/?product=ktm-exc-f-350-2013-2","title":{"rendered":"KTM EXC-F 350 &#8211; 2013"},"content":{"rendered":"","protected":false},"excerpt":{"rendered":"<p>Motocicleta bem cuidada, pasta, manuais e ferramentas KTM.<\/p>\n<p>\u2705Ponteira FMF<br \/>\n\u2705Ventoinha Spal<br \/>\n\u2705Capa de banco Zombie<br \/>\n\u2705Pedaleiras de alum\u00ednio<br \/>\n\u2705Protetor de embreagem<br \/>\n\u2705Protetor da bomba D\u2019\u00e1gua<br \/>\n\u2705Protetores do radiador<br \/>\n\u2705Protetor de motor<br \/>\n\u2705Protetores de m\u00e3o<br \/>\n\u2705Protetores de chassi<br \/>\n\u2705Rela\u00e7\u00e3o nova (coroa, corrente e pinh\u00e3o)<br \/>\n\u2705Discos de freio novos<\/p>\n<p>Valor: R$ 34.990,00<br \/>\nFacilitamos o pagamento no cart\u00e3o.\ud83d\udcb3\ud83d\udcb3\ud83d\udcb3<\/p>\n<p>Mais informa\u00e7\u00f5es:<br \/>\n\u260e\ufe0f(51)3348.9602 \/ 99521.7471<br \/>\n\ud83d\udcf1WhatsApp (51)3348.9602<br \/>\n\ud83d\udce7vendas@schneidermotos.com.br<br \/>\n\ud83c\udfe0www.schneidermotos.com.br<\/p>\n","protected":false},"featured_media":5009,"comment_status":"open","ping_status":"closed","template":"","meta":{"site-sidebar-layout":"default","site-content-layout":"default","ast-global-header-display":"","ast-main-header-display":"","ast-hfb-above-header-display":"","ast-hfb-below-header-display":"","ast-hfb-mobile-header-display":"","site-post-title":"","ast-breadcrumbs-content":"","ast-featured-img":"","footer-sml-layout":"","theme-transparent-header-meta":"default","adv-header-id-meta":"","stick-header-meta":"","header-above-stick-meta":"","header-main-stick-meta":"","header-below-stick-meta":""},"product_cat":[15],"product_tag":[],"_links":{"self":[{"href":"https:\/\/schneidermotos.com.br\/index.php?rest_route=\/wp\/v3\/product\/5315"}],"collection":[{"href":"https:\/\/schneidermotos.com.br\/index.php?rest_route=\/wp\/v3\/product"}],"about":[{"href":"https:\/\/schneidermotos.com.br\/index.php?rest_route=\/wp\/v2\/types\/product"}],"replies":[{"embeddable":true,"href":"https:\/\/schneidermotos.com.br\/index.php?rest_route=%2Fwp%2Fv2%2Fcomments&post=5315"}],"version-history":[{"count":1,"href":"https:\/\/schneidermotos.com.br\/index.php?rest_route=\/wp\/v3\/product\/5315\/revisions"}],"predecessor-version":[{"id":5316,"href":"https:\/\/schneidermotos.com.br\/index.php?rest_route=\/wp\/v3\/product\/5315\/revisions\/5316"}],"wp:featuredmedia":[{"embeddable":true,"href":"https:\/\/schneidermotos.com.br\/index.php?rest_route=\/wp\/v2\/media\/5009"}],"wp:attachment":[{"href":"https:\/\/schneidermotos.com.br\/index.php?rest_route=%2Fwp%2Fv2%2Fmedia&parent=5315"}],"wp:term":[{"taxonomy":"product_cat","embeddable":true,"href":"https:\/\/schneidermotos.com.br\/index.php?rest_route=%2Fwp%2Fv2%2Fproduct_cat&post=5315"},{"taxonomy":"product_tag","embeddable":true,"href":"https:\/\/schneidermotos.com.br\/index.php?rest_route=%2Fwp%2Fv2%2Fproduct_tag&post=5315"}],"curies":[{"name":"wp","href":"https:\/\/api.w.org\/{rel}","templated":true}]}}